{"id":85,"date":"2025-08-08T12:14:11","date_gmt":"2025-08-08T12:14:11","guid":{"rendered":"http:\/\/www.walkyrieprod.com\/?page_id=85"},"modified":"2025-08-23T18:38:25","modified_gmt":"2025-08-23T18:38:25","slug":"communication","status":"publish","type":"page","link":"http:\/\/www.walkyrieprod.com\/?page_id=85","title":{"rendered":"Communication"},"content":{"rendered":"<p>[et_pb_section fb_built=\u00a0\u00bb1&Prime; _builder_version=\u00a0\u00bb4.14.8&Prime; _module_preset=\u00a0\u00bbdefault\u00a0\u00bb background_color=\u00a0\u00bbRGBA(255,255,255,0)\u00a0\u00bb global_colors_info=\u00a0\u00bb{}\u00a0\u00bb][et_pb_row column_structure=\u00a0\u00bb3_5,2_5&Prime; _builder_version=\u00a0\u00bb4.14.8&Prime; _module_preset=\u00a0\u00bbdefault\u00a0\u00bb custom_padding=\u00a0\u00bb||211px|||\u00a0\u00bb global_colors_info=\u00a0\u00bb{}\u00a0\u00bb][et_pb_column type=\u00a0\u00bb3_5&Prime; _builder_version=\u00a0\u00bb4.14.8&Prime; _module_preset=\u00a0\u00bbdefault\u00a0\u00bb background_color=\u00a0\u00bbRGBA(255,255,255,0)\u00a0\u00bb global_colors_info=\u00a0\u00bb{}\u00a0\u00bb][et_pb_image src=\u00a0\u00bbhttp:\/\/www.walkyrieprod.com\/wp-content\/uploads\/2025\/08\/istockphoto-1557118048-612&#215;612-1.jpg\u00a0\u00bb _builder_version=\u00a0\u00bb4.14.8&Prime; _module_preset=\u00a0\u00bbdefault\u00a0\u00bb title_text=\u00a0\u00bbistockphoto-1557118048-612&#215;612&Prime; hover_enabled=\u00a0\u00bb0&Prime; sticky_enabled=\u00a0\u00bb0&Prime;][\/et_pb_image][\/et_pb_column][et_pb_column type=\u00a0\u00bb2_5&Prime; _builder_version=\u00a0\u00bb4.14.8&Prime; _module_preset=\u00a0\u00bbdefault\u00a0\u00bb background_color=\u00a0\u00bbRGBA(255,255,255,0)\u00a0\u00bb global_colors_info=\u00a0\u00bb{}\u00a0\u00bb][et_pb_text _builder_version=\u00a0\u00bb4.14.8&Prime; _module_preset=\u00a0\u00bbdefault\u00a0\u00bb header_text_color=\u00a0\u00bbRGBA(255,255,255,0)\u00a0\u00bb background_color=\u00a0\u00bbRGBA(255,255,255,0)\u00a0\u00bb global_colors_info=\u00a0\u00bb{}\u00a0\u00bb]<\/p>\n<p data-start=\"204\" data-end=\"598\"><span style=\"color: #ffffff;\">Chez Walkyrie Production, nous sommes convaincus qu\u2019une image forte commence par une communication claire et r\u00e9fl\u00e9chie.<\/span><br data-start=\"323\" data-end=\"326\" \/><span style=\"color: #ffffff;\">Alicia Lepaslier, issue d\u2019un BTS Communication, accompagne chaque projet avec exigence et cr\u00e9ativit\u00e9.<\/span><br data-start=\"427\" data-end=\"430\" \/><span style=\"color: #ffffff;\">Son r\u00f4le : comprendre votre identit\u00e9, structurer votre message et veiller \u00e0 ce que chaque production audiovisuelle s\u2019int\u00e8gre dans une strat\u00e9gie coh\u00e9rente et efficace.<\/span><\/p>\n<p data-start=\"600\" data-end=\"739\"><span style=\"color: #ffffff;\">Parce qu\u2019une belle vid\u00e9o ne suffit pas : il faut qu\u2019elle parle \u00e0 vos publics, qu\u2019elle serve vos objectifs et qu\u2019elle fasse la diff\u00e9rence.<\/span><\/p>\n<p>[\/et_pb_text][\/et_pb_column][\/et_pb_row][\/et_pb_section]<\/p>\n","protected":false},"excerpt":{"rendered":"<p>Chez Walkyrie Production, nous sommes convaincus qu\u2019une image forte commence par une communication claire et r\u00e9fl\u00e9chie.Alicia Lepaslier, issue d\u2019un BTS Communication, accompagne chaque projet avec exigence et cr\u00e9ativit\u00e9.Son r\u00f4le : comprendre votre identit\u00e9, structurer votre message et veiller \u00e0 ce que chaque production audiovisuelle s\u2019int\u00e8gre dans une strat\u00e9gie coh\u00e9rente et efficace. Parce qu\u2019une belle vid\u00e9o ne suffit pas : il faut qu\u2019elle parle \u00e0 vos publics, qu\u2019elle serve vos objectifs et qu\u2019elle fasse la&#8230;<\/p>\n","protected":false},"author":1,"featured_media":0,"parent":0,"menu_order":0,"comment_status":"closed","ping_status":"closed","template":"","meta":{"_et_pb_use_builder":"on","_et_pb_old_content":"","_et_gb_content_width":"","footnotes":""},"class_list":["post-85","page","type-page","status-publish","hentry"],"jetpack_sharing_enabled":true,"_links":{"self":[{"href":"http:\/\/www.walkyrieprod.com\/index.php?rest_route=\/wp\/v2\/pages\/85","targetHints":{"allow":["GET"]}}],"collection":[{"href":"http:\/\/www.walkyrieprod.com\/index.php?rest_route=\/wp\/v2\/pages"}],"about":[{"href":"http:\/\/www.walkyrieprod.com\/index.php?rest_route=\/wp\/v2\/types\/page"}],"author":[{"embeddable":true,"href":"http:\/\/www.walkyrieprod.com\/index.php?rest_route=\/wp\/v2\/users\/1"}],"replies":[{"embeddable":true,"href":"http:\/\/www.walkyrieprod.com\/index.php?rest_route=%2Fwp%2Fv2%2Fcomments&post=85"}],"version-history":[{"count":8,"href":"http:\/\/www.walkyrieprod.com\/index.php?rest_route=\/wp\/v2\/pages\/85\/revisions"}],"predecessor-version":[{"id":341,"href":"http:\/\/www.walkyrieprod.com\/index.php?rest_route=\/wp\/v2\/pages\/85\/revisions\/341"}],"wp:attachment":[{"href":"http:\/\/www.walkyrieprod.com\/index.php?rest_route=%2Fwp%2Fv2%2Fmedia&parent=85"}],"curies":[{"name":"wp","href":"https:\/\/api.w.org\/{rel}","templated":true}]}}